{"id":3308,"date":"2021-09-27T14:49:09","date_gmt":"2021-09-27T18:49:09","guid":{"rendered":"https:\/\/kasiaviation.com\/accueil\/"},"modified":"2025-07-22T13:26:16","modified_gmt":"2025-07-22T17:26:16","slug":"accueil","status":"publish","type":"page","link":"https:\/\/kasiaviation.com\/fr\/","title":{"rendered":"Accueil"},"content":{"rendered":"\t\t<div data-elementor-type=\"wp-page\" data-elementor-id=\"3308\" class=\"elementor elementor-3308 elementor-1820\">\n\t\t\t\t\t\t<section class=\"elementor-section elementor-top-section elementor-element elementor-element-8123272 elementor-section-boxed elementor-section-height-default elementor-section-height-default\" data-id=\"8123272\" data-element_type=\"section\" data-e-type=\"section\">\n\t\t\t\t\t\t<div class=\"elementor-container elementor-column-gap-default\">\n\t\t\t\t\t<div class=\"elementor-column elementor-col-100 elementor-top-column elementor-element elementor-element-23d6742\" data-id=\"23d6742\" data-element_type=\"column\" data-e-type=\"column\">\n\t\t\t<div class=\"elementor-widget-wrap elementor-element-populated\">\n\t\t\t\t\t\t<div class=\"elementor-element elementor-element-eed45a9 elementor-widget elementor-widget-heading\" data-id=\"eed45a9\" data-element_type=\"widget\" data-e-type=\"widget\" data-widget_type=\"heading.default\">\n\t\t\t\t<div class=\"elementor-widget-container\">\n\t\t\t\t\t<h2 class=\"elementor-heading-title elementor-size-default\">KASI Aviation, une entreprise sp\u00e9cialis\u00e9e dans les lev\u00e9s a\u00e9riens et les missions sp\u00e9ciales \u00e9tablie \u00e0 Montr\u00e9al, est fier de faire partie d\u2019Hexagon depuis 2022. Nous continuons \u00e0 offrir une assistance de vol compl\u00e8te \u00e0 l\u2019ensemble du secteur des lev\u00e9s a\u00e9riens.<\/h2>\t\t\t\t<\/div>\n\t\t\t\t<\/div>\n\t\t\t\t\t<\/div>\n\t\t<\/div>\n\t\t\t\t\t<\/div>\n\t\t<\/section>\n\t\t\t\t<section class=\"elementor-section elementor-top-section elementor-element elementor-element-f18ebe1 elementor-section-boxed elementor-section-height-default elementor-section-height-default\" data-id=\"f18ebe1\" data-element_type=\"section\" data-e-type=\"section\">\n\t\t\t\t\t\t<div class=\"elementor-container elementor-column-gap-default\">\n\t\t\t\t\t<div class=\"elementor-column elementor-col-33 elementor-top-column elementor-element elementor-element-3b8e5c9\" data-id=\"3b8e5c9\" data-element_type=\"column\" data-e-type=\"column\">\n\t\t\t<div class=\"elementor-widget-wrap elementor-element-populated\">\n\t\t\t\t\t\t<div class=\"elementor-element elementor-element-377b501 elementor-widget elementor-widget-image\" data-id=\"377b501\" data-element_type=\"widget\" data-e-type=\"widget\" data-widget_type=\"image.default\">\n\t\t\t\t<div class=\"elementor-widget-container\">\n\t\t\t\t\t\t\t\t\t\t\t\t\t\t\t<img fetchpriority=\"high\" decoding=\"async\" width=\"820\" height=\"204\" src=\"https:\/\/kasiaviation.com\/wp-content\/uploads\/2021\/09\/output-onlinepngtools.png\" class=\"attachment-full size-full wp-image-3189\" alt=\"\" srcset=\"https:\/\/kasiaviation.com\/wp-content\/uploads\/2021\/09\/output-onlinepngtools.png 820w, https:\/\/kasiaviation.com\/wp-content\/uploads\/2021\/09\/output-onlinepngtools-300x75.png 300w, https:\/\/kasiaviation.com\/wp-content\/uploads\/2021\/09\/output-onlinepngtools-768x191.png 768w, https:\/\/kasiaviation.com\/wp-content\/uploads\/2021\/09\/output-onlinepngtools-24x6.png 24w, https:\/\/kasiaviation.com\/wp-content\/uploads\/2021\/09\/output-onlinepngtools-36x9.png 36w, https:\/\/kasiaviation.com\/wp-content\/uploads\/2021\/09\/output-onlinepngtools-48x12.png 48w\" sizes=\"100vw\" \/>\t\t\t\t\t\t\t\t\t\t\t\t\t\t\t<\/div>\n\t\t\t\t<\/div>\n\t\t\t\t\t<\/div>\n\t\t<\/div>\n\t\t\t\t<div class=\"elementor-column elementor-col-33 elementor-top-column elementor-element elementor-element-5e18ad2\" data-id=\"5e18ad2\" data-element_type=\"column\" data-e-type=\"column\">\n\t\t\t<div class=\"elementor-widget-wrap elementor-element-populated\">\n\t\t\t\t\t\t<div class=\"elementor-element elementor-element-9762903 elementor-widget elementor-widget-image\" data-id=\"9762903\" data-element_type=\"widget\" data-e-type=\"widget\" data-widget_type=\"image.default\">\n\t\t\t\t<div class=\"elementor-widget-container\">\n\t\t\t\t\t\t\t\t\t\t\t\t\t\t\t\t<a href=\"https:\/\/kalusair-my.sharepoint.com\/:b:\/p\/purchasing\/EZAnbifACYZAvjbsGvHvF7MBUJ1jbdUZgxCof71f-qlrVg?e=hdAVGs\">\n\t\t\t\t\t\t\t<img decoding=\"async\" width=\"300\" height=\"147\" src=\"https:\/\/kasiaviation.com\/wp-content\/uploads\/2022\/01\/Proud-Member-Logo-300x147.jpg\" class=\"attachment-medium size-medium wp-image-3219\" alt=\"\" srcset=\"https:\/\/kasiaviation.com\/wp-content\/uploads\/2022\/01\/Proud-Member-Logo-300x147.jpg 300w, https:\/\/kasiaviation.com\/wp-content\/uploads\/2022\/01\/Proud-Member-Logo-1024x501.jpg 1024w, https:\/\/kasiaviation.com\/wp-content\/uploads\/2022\/01\/Proud-Member-Logo-768x376.jpg 768w, https:\/\/kasiaviation.com\/wp-content\/uploads\/2022\/01\/Proud-Member-Logo-1536x751.jpg 1536w, https:\/\/kasiaviation.com\/wp-content\/uploads\/2022\/01\/Proud-Member-Logo-24x12.jpg 24w, https:\/\/kasiaviation.com\/wp-content\/uploads\/2022\/01\/Proud-Member-Logo-36x18.jpg 36w, https:\/\/kasiaviation.com\/wp-content\/uploads\/2022\/01\/Proud-Member-Logo-48x23.jpg 48w, https:\/\/kasiaviation.com\/wp-content\/uploads\/2022\/01\/Proud-Member-Logo.jpg 1720w\" sizes=\"100vw\" \/>\t\t\t\t\t\t\t\t<\/a>\n\t\t\t\t\t\t\t\t\t\t\t\t\t\t\t<\/div>\n\t\t\t\t<\/div>\n\t\t\t\t\t<\/div>\n\t\t<\/div>\n\t\t\t\t<div class=\"elementor-column elementor-col-33 elementor-top-column elementor-element elementor-element-31516dc\" data-id=\"31516dc\" data-element_type=\"column\" data-e-type=\"column\">\n\t\t\t<div class=\"elementor-widget-wrap elementor-element-populated\">\n\t\t\t\t\t\t<div class=\"elementor-element elementor-element-2e7da60 elementor-widget elementor-widget-image\" data-id=\"2e7da60\" data-element_type=\"widget\" data-e-type=\"widget\" data-widget_type=\"image.default\">\n\t\t\t\t<div class=\"elementor-widget-container\">\n\t\t\t\t\t\t\t\t\t\t\t\t\t\t\t<img decoding=\"async\" width=\"150\" height=\"150\" src=\"https:\/\/kasiaviation.com\/wp-content\/uploads\/2025\/03\/ISNetworld-Logo-SafetyTab-150x150.png\" class=\"attachment-thumbnail size-thumbnail wp-image-3292\" alt=\"\" srcset=\"https:\/\/kasiaviation.com\/wp-content\/uploads\/2025\/03\/ISNetworld-Logo-SafetyTab-150x150.png 150w, https:\/\/kasiaviation.com\/wp-content\/uploads\/2025\/03\/ISNetworld-Logo-SafetyTab-300x300.png 300w, https:\/\/kasiaviation.com\/wp-content\/uploads\/2025\/03\/ISNetworld-Logo-SafetyTab-24x24.png 24w, https:\/\/kasiaviation.com\/wp-content\/uploads\/2025\/03\/ISNetworld-Logo-SafetyTab-36x36.png 36w, https:\/\/kasiaviation.com\/wp-content\/uploads\/2025\/03\/ISNetworld-Logo-SafetyTab-48x48.png 48w, https:\/\/kasiaviation.com\/wp-content\/uploads\/2025\/03\/ISNetworld-Logo-SafetyTab.png 305w\" sizes=\"100vw\" \/>\t\t\t\t\t\t\t\t\t\t\t\t\t\t\t<\/div>\n\t\t\t\t<\/div>\n\t\t\t\t\t<\/div>\n\t\t<\/div>\n\t\t\t\t\t<\/div>\n\t\t<\/section>\n\t\t\t\t<section class=\"elementor-section elementor-top-section elementor-element elementor-element-cb8d06a elementor-section-boxed elementor-section-height-default elementor-section-height-default\" data-id=\"cb8d06a\" data-element_type=\"section\" data-e-type=\"section\">\n\t\t\t\t\t\t<div class=\"elementor-container elementor-column-gap-default\">\n\t\t\t\t\t<div class=\"elementor-column elementor-col-100 elementor-top-column elementor-element elementor-element-f4a51d8\" data-id=\"f4a51d8\" data-element_type=\"column\" data-e-type=\"column\">\n\t\t\t<div class=\"elementor-widget-wrap\">\n\t\t\t\t\t\t\t<\/div>\n\t\t<\/div>\n\t\t\t\t\t<\/div>\n\t\t<\/section>\n\t\t\t\t<section class=\"elementor-section elementor-top-section elementor-element elementor-element-14e86d6 elementor-section-boxed elementor-section-height-default elementor-section-height-default\" data-id=\"14e86d6\" data-element_type=\"section\" data-e-type=\"section\">\n\t\t\t\t\t\t<div class=\"elementor-container elementor-column-gap-default\">\n\t\t\t\t\t<div class=\"elementor-column elementor-col-100 elementor-top-column elementor-element elementor-element-fe066c7\" data-id=\"fe066c7\" data-element_type=\"column\" data-e-type=\"column\">\n\t\t\t<div class=\"elementor-widget-wrap elementor-element-populated\">\n\t\t\t\t\t\t<div class=\"elementor-element elementor-element-4fb15f4 elementor-widget elementor-widget-image\" data-id=\"4fb15f4\" data-element_type=\"widget\" data-e-type=\"widget\" data-widget_type=\"image.default\">\n\t\t\t\t<div class=\"elementor-widget-container\">\n\t\t\t\t\t\t\t\t\t\t\t\t<figure class=\"wp-caption\">\n\t\t\t\t\t\t\t\t\t\t<img loading=\"lazy\" decoding=\"async\" width=\"950\" height=\"578\" src=\"https:\/\/kasiaviation.com\/wp-content\/uploads\/2022\/12\/IMG_4839-1024x623.jpeg\" class=\"attachment-large size-large wp-image-3226\" alt=\"\" srcset=\"https:\/\/kasiaviation.com\/wp-content\/uploads\/2022\/12\/IMG_4839-1024x623.jpeg 1024w, https:\/\/kasiaviation.com\/wp-content\/uploads\/2022\/12\/IMG_4839-300x183.jpeg 300w, https:\/\/kasiaviation.com\/wp-content\/uploads\/2022\/12\/IMG_4839-768x467.jpeg 768w, https:\/\/kasiaviation.com\/wp-content\/uploads\/2022\/12\/IMG_4839-1536x935.jpeg 1536w, https:\/\/kasiaviation.com\/wp-content\/uploads\/2022\/12\/IMG_4839-2048x1246.jpeg 2048w, https:\/\/kasiaviation.com\/wp-content\/uploads\/2022\/12\/IMG_4839-2000x1217.jpeg 2000w, https:\/\/kasiaviation.com\/wp-content\/uploads\/2022\/12\/IMG_4839-24x15.jpeg 24w, https:\/\/kasiaviation.com\/wp-content\/uploads\/2022\/12\/IMG_4839-36x22.jpeg 36w, https:\/\/kasiaviation.com\/wp-content\/uploads\/2022\/12\/IMG_4839-48x29.jpeg 48w\" sizes=\"100vw\" \/>\t\t\t\t\t\t\t\t\t\t\t<figcaption class=\"widget-image-caption wp-caption-text\">C-GKSP: Un nouveau Chieftain a rejoint la flotte KASI en octobre 2021<\/figcaption>\n\t\t\t\t\t\t\t\t\t\t<\/figure>\n\t\t\t\t\t\t\t\t\t<\/div>\n\t\t\t\t<\/div>\n\t\t\t\t\t<\/div>\n\t\t<\/div>\n\t\t\t\t\t<\/div>\n\t\t<\/section>\n\t\t\t\t<section class=\"elementor-section elementor-top-section elementor-element elementor-element-1d9b421 elementor-section-boxed elementor-section-height-default elementor-section-height-default\" data-id=\"1d9b421\" data-element_type=\"section\" data-e-type=\"section\">\n\t\t\t\t\t\t<div class=\"elementor-container elementor-column-gap-default\">\n\t\t\t\t\t<div class=\"elementor-column elementor-col-100 elementor-top-column elementor-element elementor-element-7328b4a\" data-id=\"7328b4a\" data-element_type=\"column\" data-e-type=\"column\">\n\t\t\t<div class=\"elementor-widget-wrap elementor-element-populated\">\n\t\t\t\t\t\t<div class=\"elementor-element elementor-element-d5eb257 elementor-widget elementor-widget-heading\" data-id=\"d5eb257\" data-element_type=\"widget\" data-e-type=\"widget\" data-widget_type=\"heading.default\">\n\t\t\t\t<div class=\"elementor-widget-container\">\n\t\t\t\t\t<h1 class=\"elementor-heading-title elementor-size-default\">Sp\u00e9cialistes des op\u00e9rations de vol <\/h1>\t\t\t\t<\/div>\n\t\t\t\t<\/div>\n\t\t\t\t\t<\/div>\n\t\t<\/div>\n\t\t\t\t\t<\/div>\n\t\t<\/section>\n\t\t\t\t<section class=\"elementor-section elementor-top-section elementor-element elementor-element-d2daafe elementor-section-boxed elementor-section-height-default elementor-section-height-default\" data-id=\"d2daafe\" data-element_type=\"section\" data-e-type=\"section\">\n\t\t\t\t\t\t<div class=\"elementor-container elementor-column-gap-default\">\n\t\t\t\t\t<div class=\"elementor-column elementor-col-100 elementor-top-column elementor-element elementor-element-67dc094\" data-id=\"67dc094\" data-element_type=\"column\" data-e-type=\"column\">\n\t\t\t<div class=\"elementor-widget-wrap elementor-element-populated\">\n\t\t\t\t\t\t<div class=\"elementor-element elementor-element-22e0132 elementor-widget elementor-widget-text-editor\" data-id=\"22e0132\" data-element_type=\"widget\" data-e-type=\"widget\" data-widget_type=\"text-editor.default\">\n\t\t\t\t<div class=\"elementor-widget-container\">\n\t\t\t\t\t\t\t\t\t<p>KASI Aviation planifie dans le monde entier des missions de vols sp\u00e9ciales et dispose d\u2019une longue exp\u00e9rience dans la gestion des zones militaires et espaces a\u00e9riens encombr\u00e9s.<\/p><p>KASI est titulaire d\u2019un Certificat d&rsquo;Exploitation A\u00e9rienne (CEA) pour les Am\u00e9riques, l\u2019Europe et l\u2019Afrique.<\/p>\t\t\t\t\t\t\t\t<\/div>\n\t\t\t\t<\/div>\n\t\t\t\t\t<\/div>\n\t\t<\/div>\n\t\t\t\t\t<\/div>\n\t\t<\/section>\n\t\t\t\t<section class=\"elementor-section elementor-top-section elementor-element elementor-element-f75bc6f elementor-section-boxed elementor-section-height-default elementor-section-height-default\" data-id=\"f75bc6f\" data-element_type=\"section\" data-e-type=\"section\">\n\t\t\t\t\t\t<div class=\"elementor-container elementor-column-gap-default\">\n\t\t\t\t\t<div class=\"elementor-column elementor-col-100 elementor-top-column elementor-element elementor-element-da0d586\" data-id=\"da0d586\" data-element_type=\"column\" data-e-type=\"column\">\n\t\t\t<div class=\"elementor-widget-wrap elementor-element-populated\">\n\t\t\t\t\t\t<div class=\"elementor-element elementor-element-599366e elementor-widget elementor-widget-heading\" data-id=\"599366e\" data-element_type=\"widget\" data-e-type=\"widget\" data-widget_type=\"heading.default\">\n\t\t\t\t<div class=\"elementor-widget-container\">\n\t\t\t\t\t<h1 class=\"elementor-heading-title elementor-size-default\">S\u00e9curit\u00e9 <\/h1>\t\t\t\t<\/div>\n\t\t\t\t<\/div>\n\t\t\t\t\t<\/div>\n\t\t<\/div>\n\t\t\t\t\t<\/div>\n\t\t<\/section>\n\t\t\t\t<section class=\"elementor-section elementor-top-section elementor-element elementor-element-4745a4b elementor-section-boxed elementor-section-height-default elementor-section-height-default\" data-id=\"4745a4b\" data-element_type=\"section\" data-e-type=\"section\">\n\t\t\t\t\t\t<div class=\"elementor-container elementor-column-gap-default\">\n\t\t\t\t\t<div class=\"elementor-column elementor-col-100 elementor-top-column elementor-element elementor-element-8a5d89f\" data-id=\"8a5d89f\" data-element_type=\"column\" data-e-type=\"column\">\n\t\t\t<div class=\"elementor-widget-wrap elementor-element-populated\">\n\t\t\t\t\t\t<div class=\"elementor-element elementor-element-41afa6b elementor-widget elementor-widget-text-editor\" data-id=\"41afa6b\" data-element_type=\"widget\" data-e-type=\"widget\" data-widget_type=\"text-editor.default\">\n\t\t\t\t<div class=\"elementor-widget-container\">\n\t\t\t\t\t\t\t\t\t<p>Soucieux de la s\u00e9curit\u00e9, KASI Aviation met en \u0153uvre un programme de formations sur la gestion des ressources en \u00e9quipe agr\u00e9\u00e9 par Transports Canada, ainsi qu\u2019un syst\u00e8me de gestion de la s\u00e9curit\u00e9 pour l\u2019\u00e9quipe de terrain.<\/p><p>Chaque projet d\u00e9bute par une analyse de la s\u00e9curit\u00e9 au travail pour identifier les risques et les d\u00e9fis associ\u00e9s au projet.<\/p>\t\t\t\t\t\t\t\t<\/div>\n\t\t\t\t<\/div>\n\t\t\t\t\t<\/div>\n\t\t<\/div>\n\t\t\t\t\t<\/div>\n\t\t<\/section>\n\t\t\t\t<section class=\"elementor-section elementor-top-section elementor-element elementor-element-343ce32 elementor-section-boxed elementor-section-height-default elementor-section-height-default\" data-id=\"343ce32\" data-element_type=\"section\" data-e-type=\"section\">\n\t\t\t\t\t\t<div class=\"elementor-container elementor-column-gap-default\">\n\t\t\t\t\t<div class=\"elementor-column elementor-col-100 elementor-top-column elementor-element elementor-element-200157e\" data-id=\"200157e\" data-element_type=\"column\" data-e-type=\"column\">\n\t\t\t<div class=\"elementor-widget-wrap elementor-element-populated\">\n\t\t\t\t\t\t<div class=\"elementor-element elementor-element-754e50c elementor-widget elementor-widget-heading\" data-id=\"754e50c\" data-element_type=\"widget\" data-e-type=\"widget\" data-widget_type=\"heading.default\">\n\t\t\t\t<div class=\"elementor-widget-container\">\n\t\t\t\t\t<h2 class=\"elementor-heading-title elementor-size-default\">Lignes de vol depuis 2008 <\/h2>\t\t\t\t<\/div>\n\t\t\t\t<\/div>\n\t\t\t\t\t<\/div>\n\t\t<\/div>\n\t\t\t\t\t<\/div>\n\t\t<\/section>\n\t\t\t\t<section class=\"elementor-section elementor-top-section elementor-element elementor-element-caf6c00 elementor-section-height-min-height elementor-section-boxed elementor-section-height-default elementor-section-items-middle\" data-id=\"caf6c00\" data-element_type=\"section\" data-e-type=\"section\">\n\t\t\t\t\t\t\t<div class=\"elementor-background-overlay\"><\/div>\n\t\t\t\t\t\t\t<div class=\"elementor-container elementor-column-gap-default\">\n\t\t\t\t\t<div class=\"elementor-column elementor-col-33 elementor-top-column elementor-element elementor-element-8188ed4\" data-id=\"8188ed4\" data-element_type=\"column\" data-e-type=\"column\">\n\t\t\t<div class=\"elementor-widget-wrap elementor-element-populated\">\n\t\t\t\t\t\t<div class=\"elementor-element elementor-element-636d6c5 elementor-hidden-desktop elementor-hidden-tablet elementor-hidden-mobile elementor-widget elementor-widget-counter\" data-id=\"636d6c5\" data-element_type=\"widget\" data-e-type=\"widget\" data-widget_type=\"counter.default\">\n\t\t\t\t<div class=\"elementor-widget-container\">\n\t\t\t\t\t\t\t<div class=\"elementor-counter\">\n\t\t\t<div class=\"elementor-counter-title\">Heures de vol effectu\u00e9es <\/div>\t\t\t<div class=\"elementor-counter-number-wrapper\">\n\t\t\t\t<span class=\"elementor-counter-number-prefix\"><\/span>\n\t\t\t\t<span class=\"elementor-counter-number\" data-duration=\"1000\" data-to-value=\"25000\" data-from-value=\"0\" data-delimiter=\",\">0<\/span>\n\t\t\t\t<span class=\"elementor-counter-number-suffix\">+<\/span>\n\t\t\t<\/div>\n\t\t<\/div>\n\t\t\t\t\t\t<\/div>\n\t\t\t\t<\/div>\n\t\t\t\t\t<\/div>\n\t\t<\/div>\n\t\t\t\t<div class=\"elementor-column elementor-col-33 elementor-top-column elementor-element elementor-element-73dd0e7\" data-id=\"73dd0e7\" data-element_type=\"column\" data-e-type=\"column\">\n\t\t\t<div class=\"elementor-widget-wrap elementor-element-populated\">\n\t\t\t\t\t\t<div class=\"elementor-element elementor-element-be70e1c elementor-hidden-desktop elementor-hidden-tablet elementor-hidden-mobile elementor-widget elementor-widget-counter\" data-id=\"be70e1c\" data-element_type=\"widget\" data-e-type=\"widget\" data-widget_type=\"counter.default\">\n\t\t\t\t<div class=\"elementor-widget-container\">\n\t\t\t\t\t\t\t<div class=\"elementor-counter\">\n\t\t\t<div class=\"elementor-counter-title\">Distance parcourue<\/div>\t\t\t<div class=\"elementor-counter-number-wrapper\">\n\t\t\t\t<span class=\"elementor-counter-number-prefix\"><\/span>\n\t\t\t\t<span class=\"elementor-counter-number\" data-duration=\"1000\" data-to-value=\"5000000\" data-from-value=\"0\" data-delimiter=\",\">0<\/span>\n\t\t\t\t<span class=\"elementor-counter-number-suffix\">km<\/span>\n\t\t\t<\/div>\n\t\t<\/div>\n\t\t\t\t\t\t<\/div>\n\t\t\t\t<\/div>\n\t\t\t\t\t<\/div>\n\t\t<\/div>\n\t\t\t\t<div class=\"elementor-column elementor-col-33 elementor-top-column elementor-element elementor-element-3c885b9\" data-id=\"3c885b9\" data-element_type=\"column\" data-e-type=\"column\">\n\t\t\t<div class=\"elementor-widget-wrap elementor-element-populated\">\n\t\t\t\t\t\t<div class=\"elementor-element elementor-element-e429d67 elementor-hidden-desktop elementor-hidden-tablet elementor-hidden-mobile elementor-widget elementor-widget-counter\" data-id=\"e429d67\" data-element_type=\"widget\" data-e-type=\"widget\" data-widget_type=\"counter.default\">\n\t\t\t\t<div class=\"elementor-widget-container\">\n\t\t\t\t\t\t\t<div class=\"elementor-counter\">\n\t\t\t<div class=\"elementor-counter-title\">Lignes effectu\u00e9es <\/div>\t\t\t<div class=\"elementor-counter-number-wrapper\">\n\t\t\t\t<span class=\"elementor-counter-number-prefix\"><\/span>\n\t\t\t\t<span class=\"elementor-counter-number\" data-duration=\"1000\" data-to-value=\"200000\" data-from-value=\"0\" data-delimiter=\",\">0<\/span>\n\t\t\t\t<span class=\"elementor-counter-number-suffix\"><\/span>\n\t\t\t<\/div>\n\t\t<\/div>\n\t\t\t\t\t\t<\/div>\n\t\t\t\t<\/div>\n\t\t\t\t\t<\/div>\n\t\t<\/div>\n\t\t\t\t\t<\/div>\n\t\t<\/section>\n\t\t\t\t<section class=\"elementor-section elementor-top-section elementor-element elementor-element-e3c8b18 elementor-section-boxed elementor-section-height-default elementor-section-height-default\" data-id=\"e3c8b18\" data-element_type=\"section\" data-e-type=\"section\">\n\t\t\t\t\t\t<div class=\"elementor-container elementor-column-gap-default\">\n\t\t\t\t\t<div class=\"elementor-column elementor-col-100 elementor-top-column elementor-element elementor-element-f21927a\" data-id=\"f21927a\" data-element_type=\"column\" data-e-type=\"column\">\n\t\t\t<div class=\"elementor-widget-wrap\">\n\t\t\t\t\t\t\t<\/div>\n\t\t<\/div>\n\t\t\t\t\t<\/div>\n\t\t<\/section>\n\t\t\t\t<\/div>\n\t\t","protected":false},"excerpt":{"rendered":"<p>KASI Aviation, une entreprise sp\u00e9cialis\u00e9e dans les lev\u00e9s a\u00e9riens et les missions sp\u00e9ciales \u00e9tablie \u00e0 Montr\u00e9al, est fier de faire partie d\u2019Hexagon depuis 2022. Nous continuons \u00e0 offrir une assistance de vol compl\u00e8te \u00e0 l\u2019ensemble du secteur des lev\u00e9s a\u00e9riens. C-GKSP: Un nouveau Chieftain a rejoint la flotte KASI en octobre 2021 Sp\u00e9cialistes des op\u00e9rations &hellip; <\/p>\n<p class=\"link-more\"><a href=\"https:\/\/kasiaviation.com\/fr\/\" class=\"more-link\">Read more<span class=\"screen-reader-text\"> \u00ab\u00a0Accueil\u00a0\u00bb<\/span><\/a><\/p>\n","protected":false},"author":1,"featured_media":0,"parent":0,"menu_order":0,"comment_status":"closed","ping_status":"closed","template":"page-templates\/full-width-builder-bb.php","meta":{"ngg_post_thumbnail":0,"footnotes":""},"class_list":["post-3308","page","type-page","status-publish","hentry"],"aioseo_notices":[],"_links":{"self":[{"href":"https:\/\/kasiaviation.com\/fr\/wp-json\/wp\/v2\/pages\/3308","targetHints":{"allow":["GET"]}}],"collection":[{"href":"https:\/\/kasiaviation.com\/fr\/wp-json\/wp\/v2\/pages"}],"about":[{"href":"https:\/\/kasiaviation.com\/fr\/wp-json\/wp\/v2\/types\/page"}],"author":[{"embeddable":true,"href":"https:\/\/kasiaviation.com\/fr\/wp-json\/wp\/v2\/users\/1"}],"replies":[{"embeddable":true,"href":"https:\/\/kasiaviation.com\/fr\/wp-json\/wp\/v2\/comments?post=3308"}],"version-history":[{"count":0,"href":"https:\/\/kasiaviation.com\/fr\/wp-json\/wp\/v2\/pages\/3308\/revisions"}],"wp:attachment":[{"href":"https:\/\/kasiaviation.com\/fr\/wp-json\/wp\/v2\/media?parent=3308"}],"curies":[{"name":"wp","href":"https:\/\/api.w.org\/{rel}","templated":true}]}}