{"id":3312,"date":"2021-09-27T15:36:14","date_gmt":"2021-09-27T19:36:14","guid":{"rendered":"https:\/\/kasiaviation.com\/nous-contacter\/"},"modified":"2025-07-23T09:58:53","modified_gmt":"2025-07-23T13:58:53","slug":"nous-contacter","status":"publish","type":"page","link":"https:\/\/kasiaviation.com\/fr\/nous-contacter\/","title":{"rendered":"Nous contacter"},"content":{"rendered":"\t\t<div data-elementor-type=\"wp-page\" data-elementor-id=\"3312\" class=\"elementor elementor-3312 elementor-1839\">\n\t\t\t\t\t\t<section class=\"elementor-section elementor-top-section elementor-element elementor-element-1a2279c elementor-section-boxed elementor-section-height-default elementor-section-height-default\" data-id=\"1a2279c\" data-element_type=\"section\" data-e-type=\"section\">\n\t\t\t\t\t\t<div class=\"elementor-container elementor-column-gap-default\">\n\t\t\t\t\t<div class=\"elementor-column elementor-col-100 elementor-top-column elementor-element elementor-element-cb94e4c\" data-id=\"cb94e4c\" data-element_type=\"column\" data-e-type=\"column\">\n\t\t\t<div class=\"elementor-widget-wrap elementor-element-populated\">\n\t\t\t\t\t\t<div class=\"elementor-element elementor-element-e219ea6 elementor-widget elementor-widget-heading\" data-id=\"e219ea6\" data-element_type=\"widget\" data-e-type=\"widget\" data-widget_type=\"heading.default\">\n\t\t\t\t<div class=\"elementor-widget-container\">\n\t\t\t\t\t<h2 class=\"elementor-heading-title elementor-size-default\">MONTR\u00c9AL (CYUL)<\/h2>\t\t\t\t<\/div>\n\t\t\t\t<\/div>\n\t\t\t\t\t<\/div>\n\t\t<\/div>\n\t\t\t\t\t<\/div>\n\t\t<\/section>\n\t\t\t\t<section class=\"elementor-section elementor-top-section elementor-element elementor-element-d0404bf elementor-section-boxed elementor-section-height-default elementor-section-height-default\" data-id=\"d0404bf\" data-element_type=\"section\" data-e-type=\"section\">\n\t\t\t\t\t\t<div class=\"elementor-container elementor-column-gap-default\">\n\t\t\t\t\t<div class=\"elementor-column elementor-col-100 elementor-top-column elementor-element elementor-element-5cbf5cd\" data-id=\"5cbf5cd\" data-element_type=\"column\" data-e-type=\"column\">\n\t\t\t<div class=\"elementor-widget-wrap elementor-element-populated\">\n\t\t\t\t\t\t<div class=\"elementor-element elementor-element-c0a4de9 elementor-widget elementor-widget-heading\" data-id=\"c0a4de9\" data-element_type=\"widget\" data-e-type=\"widget\" data-widget_type=\"heading.default\">\n\t\t\t\t<div class=\"elementor-widget-container\">\n\t\t\t\t\t<h2 class=\"elementor-heading-title elementor-size-default\">Notre si\u00e8ge social <\/h2>\t\t\t\t<\/div>\n\t\t\t\t<\/div>\n\t\t\t\t\t<\/div>\n\t\t<\/div>\n\t\t\t\t\t<\/div>\n\t\t<\/section>\n\t\t\t\t<section class=\"elementor-section elementor-top-section elementor-element elementor-element-98a0e20 elementor-section-boxed elementor-section-height-default elementor-section-height-default\" data-id=\"98a0e20\" data-element_type=\"section\" data-e-type=\"section\">\n\t\t\t\t\t\t<div class=\"elementor-container elementor-column-gap-default\">\n\t\t\t\t\t<div class=\"elementor-column elementor-col-100 elementor-top-column elementor-element elementor-element-4995802\" data-id=\"4995802\" data-element_type=\"column\" data-e-type=\"column\">\n\t\t\t<div class=\"elementor-widget-wrap elementor-element-populated\">\n\t\t\t\t\t\t<div class=\"elementor-element elementor-element-a774ece elementor-widget elementor-widget-text-editor\" data-id=\"a774ece\" data-element_type=\"widget\" data-e-type=\"widget\" data-widget_type=\"text-editor.default\">\n\t\t\t\t<div class=\"elementor-widget-container\">\n\t\t\t\t\t\t\t\t\t<p>455 Boul. Fenelon<br>Suite 107<br>Dorval, Qu\u00e9bec, Canada H9S 5T8 <\/p>\t\t\t\t\t\t\t\t<\/div>\n\t\t\t\t<\/div>\n\t\t\t\t\t<\/div>\n\t\t<\/div>\n\t\t\t\t\t<\/div>\n\t\t<\/section>\n\t\t\t\t<section class=\"elementor-section elementor-top-section elementor-element elementor-element-5928d56 elementor-section-boxed elementor-section-height-default elementor-section-height-default\" data-id=\"5928d56\" data-element_type=\"section\" data-e-type=\"section\">\n\t\t\t\t\t\t<div class=\"elementor-container elementor-column-gap-default\">\n\t\t\t\t\t<div class=\"elementor-column elementor-col-100 elementor-top-column elementor-element elementor-element-c1945a7\" data-id=\"c1945a7\" data-element_type=\"column\" data-e-type=\"column\">\n\t\t\t<div class=\"elementor-widget-wrap elementor-element-populated\">\n\t\t\t\t\t\t<div class=\"elementor-element elementor-element-5e62858 elementor-widget elementor-widget-shortcode\" data-id=\"5e62858\" data-element_type=\"widget\" data-e-type=\"widget\" data-widget_type=\"shortcode.default\">\n\t\t\t\t<div class=\"elementor-widget-container\">\n\t\t\t\t\t\t\t<div class=\"elementor-shortcode\"><div class=\"wpforms-container wpforms-container-full\" id=\"wpforms-1838\"><form id=\"wpforms-form-1838\" class=\"wpforms-validate wpforms-form wpforms-ajax-form\" data-formid=\"1838\" method=\"post\" enctype=\"multipart\/form-data\" action=\"\/fr\/wp-json\/wp\/v2\/pages\/3312\" data-token=\"ad10cbd785e04984ebd5b9bca3f95852\" data-token-time=\"1778158635\"><noscript class=\"wpforms-error-noscript\">Please enable JavaScript in your browser to complete this form.<\/noscript><div class=\"wpforms-field-container\"><div id=\"wpforms-1838-field_0-container\" class=\"wpforms-field wpforms-field-name\" data-field-id=\"0\"><label class=\"wpforms-field-label\">Nom <span class=\"wpforms-required-label\">*<\/span><\/label><div class=\"wpforms-field-row wpforms-field-medium\"><div class=\"wpforms-field-row-block wpforms-first wpforms-one-half\"><input type=\"text\" id=\"wpforms-1838-field_0\" class=\"wpforms-field-name-first wpforms-field-required\" name=\"wpforms[fields][0][first]\" required><label for=\"wpforms-1838-field_0\" class=\"wpforms-field-sublabel after\">First<\/label><\/div><div class=\"wpforms-field-row-block wpforms-one-half\"><input type=\"text\" id=\"wpforms-1838-field_0-last\" class=\"wpforms-field-name-last wpforms-field-required\" name=\"wpforms[fields][0][last]\" required><label for=\"wpforms-1838-field_0-last\" class=\"wpforms-field-sublabel after\">Last<\/label><\/div><\/div><\/div><div id=\"wpforms-1838-field_1-container\" class=\"wpforms-field wpforms-field-email\" data-field-id=\"1\"><label class=\"wpforms-field-label\" for=\"wpforms-1838-field_1\">Courriel <span class=\"wpforms-required-label\">*<\/span><\/label><input type=\"email\" id=\"wpforms-1838-field_1\" class=\"wpforms-field-medium wpforms-field-required\" name=\"wpforms[fields][1]\" spellcheck=\"false\" required><\/div><div id=\"wpforms-1838-field_2-container\" class=\"wpforms-field wpforms-field-textarea\" data-field-id=\"2\"><label class=\"wpforms-field-label\" for=\"wpforms-1838-field_2\">Commentaire ou message <span class=\"wpforms-required-label\">*<\/span><\/label><textarea id=\"wpforms-1838-field_2\" class=\"wpforms-field-medium wpforms-field-required\" name=\"wpforms[fields][2]\" required><\/textarea><\/div><div id=\"wpforms-1838-field_3-container\" class=\"wpforms-field wpforms-field-gdpr-checkbox\" data-field-id=\"3\"><label class=\"wpforms-field-label wpforms-label-hide\">Accord RGPD <span class=\"wpforms-required-label\">*<\/span><\/label><ul id=\"wpforms-1838-field_3\" class=\"wpforms-field-required\"><li class=\"choice-1\"><input type=\"checkbox\" id=\"wpforms-1838-field_3_1\" name=\"wpforms[fields][3][]\" value=\"&lt;a href=&quot;https:\/\/hexagon.com\/company\/divisions\/geosystems\/legal\/privacy-notice&quot; target=&quot;_blank&quot;&gt;La charte de confidentialit\u00e9&lt;\/a&gt; d\u2019Hexagon Geosystems d\u00e9crit comment nous traitons vos donn\u00e9es personnelles et vous informe sur vos droits concernant la mise \u00e0 jour, l\u2019acc\u00e8s, la gestion, l\u2019exportation et la suppression de vos donn\u00e9es personnelles.&lt;br&gt;Si vous changez d\u2019avis, vous pouvez retirer votre consentement \u00e0 tout moment en cliquant sur le lien &quot;Se d\u00e9sabonner&quot; dans les courriels de marketing qui vous sont envoy\u00e9s. En envoyant ce formulaire, vous d\u00e9clarez accepter les &lt;a target=&quot;_blank&quot; href=&quot;https:\/\/hexagon.com\/legal\/terms-of-use&quot;&gt;Conditions d\u2019utilisation&lt;\/a&gt; d\u2019Hexagon Geosystems. \" required ><label class=\"wpforms-field-label-inline\" for=\"wpforms-1838-field_3_1\"><a href=\"https:\/\/hexagon.com\/company\/divisions\/geosystems\/legal\/privacy-notice\" target=\"_blank\">La charte de confidentialit\u00e9<\/a> d\u2019Hexagon Geosystems d\u00e9crit comment nous traitons vos donn\u00e9es personnelles et vous informe sur vos droits concernant la mise \u00e0 jour, l\u2019acc\u00e8s, la gestion, l\u2019exportation et la suppression de vos donn\u00e9es personnelles.<br>Si vous changez d\u2019avis, vous pouvez retirer votre consentement \u00e0 tout moment en cliquant sur le lien \"Se d\u00e9sabonner\" dans les courriels de marketing qui vous sont envoy\u00e9s. En envoyant ce formulaire, vous d\u00e9clarez accepter les <a target=\"_blank\" href=\"https:\/\/hexagon.com\/legal\/terms-of-use\">Conditions d\u2019utilisation<\/a> d\u2019Hexagon Geosystems.  <span class=\"wpforms-required-label\">*<\/span><\/label><\/li><\/ul><\/div><\/div><!-- .wpforms-field-container --><div class=\"wpforms-submit-container\" ><input type=\"hidden\" name=\"wpforms[id]\" value=\"1838\"><input type=\"hidden\" name=\"page_title\" value=\"\"><input type=\"hidden\" name=\"page_url\" value=\"https:\/\/kasiaviation.com\/fr\/wp-json\/wp\/v2\/pages\/3312\"><input type=\"hidden\" name=\"url_referer\" value=\"\"><button type=\"submit\" name=\"wpforms[submit]\" id=\"wpforms-submit-1838\" class=\"wpforms-submit\" data-alt-text=\"Envoi...\" data-submit-text=\"Soumettre\" aria-live=\"assertive\" value=\"wpforms-submit\">Soumettre<\/button><img decoding=\"async\" src=\"https:\/\/kasiaviation.com\/wp-content\/plugins\/wpforms-lite\/assets\/images\/submit-spin.svg\" class=\"wpforms-submit-spinner\" style=\"display: none;\" width=\"26\" height=\"26\" alt=\"Loading\"><\/div><\/form><\/div>  <!-- .wpforms-container --><\/div>\n\t\t\t\t\t\t<\/div>\n\t\t\t\t<\/div>\n\t\t\t\t\t<\/div>\n\t\t<\/div>\n\t\t\t\t\t<\/div>\n\t\t<\/section>\n\t\t\t\t<section class=\"elementor-section elementor-top-section elementor-element elementor-element-2f70a41 elementor-hidden-desktop elementor-hidden-tablet elementor-hidden-mobile elementor-section-boxed elementor-section-height-default elementor-section-height-default\" data-id=\"2f70a41\" data-element_type=\"section\" data-e-type=\"section\">\n\t\t\t\t\t\t<div class=\"elementor-container elementor-column-gap-default\">\n\t\t\t\t\t<div class=\"elementor-column elementor-col-100 elementor-top-column elementor-element elementor-element-5d08a4d\" data-id=\"5d08a4d\" data-element_type=\"column\" data-e-type=\"column\">\n\t\t\t<div class=\"elementor-widget-wrap elementor-element-populated\">\n\t\t\t\t\t\t<div class=\"elementor-element elementor-element-9b3321d elementor-widget elementor-widget-image\" data-id=\"9b3321d\" data-element_type=\"widget\" data-e-type=\"widget\" data-widget_type=\"image.default\">\n\t\t\t\t<div class=\"elementor-widget-container\">\n\t\t\t\t\t\t\t\t\t\t\t\t\t\t\t<img fetchpriority=\"high\" decoding=\"async\" width=\"2000\" height=\"1051\" src=\"https:\/\/kasiaviation.com\/wp-content\/uploads\/2022\/12\/7D921D18-8034-4148-8231-85BC2742687E-2000x1051.jpeg\" class=\"attachment-inspiro-featured-image size-inspiro-featured-image wp-image-3243\" alt=\"\" srcset=\"https:\/\/kasiaviation.com\/wp-content\/uploads\/2022\/12\/7D921D18-8034-4148-8231-85BC2742687E-2000x1051.jpeg 2000w, https:\/\/kasiaviation.com\/wp-content\/uploads\/2022\/12\/7D921D18-8034-4148-8231-85BC2742687E-300x158.jpeg 300w, https:\/\/kasiaviation.com\/wp-content\/uploads\/2022\/12\/7D921D18-8034-4148-8231-85BC2742687E-1024x538.jpeg 1024w, https:\/\/kasiaviation.com\/wp-content\/uploads\/2022\/12\/7D921D18-8034-4148-8231-85BC2742687E-768x404.jpeg 768w, https:\/\/kasiaviation.com\/wp-content\/uploads\/2022\/12\/7D921D18-8034-4148-8231-85BC2742687E-24x13.jpeg 24w, https:\/\/kasiaviation.com\/wp-content\/uploads\/2022\/12\/7D921D18-8034-4148-8231-85BC2742687E-36x19.jpeg 36w, https:\/\/kasiaviation.com\/wp-content\/uploads\/2022\/12\/7D921D18-8034-4148-8231-85BC2742687E-48x25.jpeg 48w, https:\/\/kasiaviation.com\/wp-content\/uploads\/2022\/12\/7D921D18-8034-4148-8231-85BC2742687E.jpeg 1440w\" sizes=\"100vw\" \/>\t\t\t\t\t\t\t\t\t\t\t\t\t\t\t<\/div>\n\t\t\t\t<\/div>\n\t\t\t\t\t<\/div>\n\t\t<\/div>\n\t\t\t\t\t<\/div>\n\t\t<\/section>\n\t\t\t\t<\/div>\n\t\t","protected":false},"excerpt":{"rendered":"<p>MONTR\u00c9AL (CYUL) Notre si\u00e8ge social 455 Boul. FenelonSuite 107Dorval, Qu\u00e9bec, Canada H9S 5T8<\/p>\n","protected":false},"author":1,"featured_media":3190,"parent":0,"menu_order":0,"comment_status":"closed","ping_status":"closed","template":"","meta":{"ngg_post_thumbnail":0,"footnotes":""},"class_list":["post-3312","page","type-page","status-publish","has-post-thumbnail","hentry"],"aioseo_notices":[],"_links":{"self":[{"href":"https:\/\/kasiaviation.com\/fr\/wp-json\/wp\/v2\/pages\/3312","targetHints":{"allow":["GET"]}}],"collection":[{"href":"https:\/\/kasiaviation.com\/fr\/wp-json\/wp\/v2\/pages"}],"about":[{"href":"https:\/\/kasiaviation.com\/fr\/wp-json\/wp\/v2\/types\/page"}],"author":[{"embeddable":true,"href":"https:\/\/kasiaviation.com\/fr\/wp-json\/wp\/v2\/users\/1"}],"replies":[{"embeddable":true,"href":"https:\/\/kasiaviation.com\/fr\/wp-json\/wp\/v2\/comments?post=3312"}],"version-history":[{"count":0,"href":"https:\/\/kasiaviation.com\/fr\/wp-json\/wp\/v2\/pages\/3312\/revisions"}],"wp:featuredmedia":[{"embeddable":true,"href":"https:\/\/kasiaviation.com\/fr\/wp-json\/wp\/v2\/media\/3190"}],"wp:attachment":[{"href":"https:\/\/kasiaviation.com\/fr\/wp-json\/wp\/v2\/media?parent=3312"}],"curies":[{"name":"wp","href":"https:\/\/api.w.org\/{rel}","templated":true}]}}